{"id":46,"date":"2018-05-05T22:08:04","date_gmt":"2018-05-05T20:08:04","guid":{"rendered":"https:\/\/brunskide.wordpress.com\/?page_id=46"},"modified":"2019-05-02T00:01:43","modified_gmt":"2019-05-01T22:01:43","slug":"impressum","status":"publish","type":"page","link":"http:\/\/wordpress.brunski.de\/wordpress\/impressum\/","title":{"rendered":"Impressum + Datenschutz"},"content":{"rendered":"<p align=\"center\"><strong>Angaben gem\u00e4\u00df \u00a7 5 TMG:<\/strong><\/p>\n<p align=\"center\">Markus Brunner<br \/>\nR\u00f6rerstr. 67<br \/>\n94469 Deggendorf<\/p>\n<p align=\"center\">Kontakt:<br \/>\nTelefon: 0049 \/ (0) 173-6454189<br \/>\nE-Mail: <a href=\"mailto:mail@markus-brunner.com\" target=\"_blank\" rel=\"noopener noreferrer\">mail@markus-brunner.com<\/a><br \/>\nWebseite: <a href=\"http:\/\/www.markus-brunner.com\">www.markus-brunner.com<\/a><\/p>\n<p align=\"center\"><strong>Verantwortlich f\u00fcr den Inhalt nach \u00a7 55 Abs. 2 RStV:<\/strong><\/p>\n<p align=\"center\">Markus Brunner<br \/>\nR\u00f6rerstr. 67<br \/>\n94469 Deggendorf<\/p>\n<hr \/>\n<p align=\"center\"><strong><u>Haftungsausschluss:<\/u><\/strong><\/p>\n<p align=\"center\"><strong>Haftung f\u00fcr Inhalte<\/strong><\/p>\n<p align=\"center\">Die Inhalte meiner Seiten wurden mit gr\u00f6\u00dfter Sorgfalt erstellt. F\u00fcr die Richtigkeit, Vollst\u00e4ndigkeit und Aktualit\u00e4t der Inhalte kann ich jedoch keine Gew\u00e4hr \u00fcbernehmen. Als Diensteanbieter bin ich gem\u00e4\u00df \u00a7 7 Abs.1 TMG f\u00fcr eigene Inhalte auf diesen Seiten nach den allgemeinen Gesetzen verantwortlich. Nach \u00a7\u00a7 8 bis 10 TMG bin ich als Diensteanbieter jedoch nicht verpflichtet, \u00fcbermittelte oder gespeicherte fremde Informationen zu \u00fcberwachen oder nach Umst\u00e4nden zu forschen, die auf eine rechtswidrige T\u00e4tigkeit hinweisen. Verpflichtungen zur Entfernung oder Sperrung der Nutzung von Informationen nach den allgemeinen Gesetzen bleiben hiervon unber\u00fchrt. Eine diesbez\u00fcgliche Haftung ist jedoch erst ab dem Zeitpunkt der Kenntnis einer konkreten Rechtsverletzung m\u00f6glich. Bei Bekanntwerden von entsprechenden Rechtsverletzungen werde ich diese Inhalte umgehend entfernen.<\/p>\n<p align=\"center\"><strong>Datenschutz<\/strong><\/p>\n<p align=\"center\">Die Nutzung meiner Webseite ist in der Regel ohne Angabe personenbezogener Daten m\u00f6glich. Soweit auf meinen Seiten personenbezogene Daten (beispielsweise Name, Anschrift oder E-Mail-Adressen) erhoben werden, erfolgt dies stets auf freiwilliger Basis. Diese Daten werden nicht an Dritte weitergegeben.<\/p>\n<p align=\"center\">Ich weise darauf hin, dass die Daten\u00fcbertragung im Internet (z.B. bei der Kommunikation per E-Mail) Sicherheitsl\u00fccken aufweisen kann. Ein l\u00fcckenloser Schutz der Daten vor dem Zugriff durch Dritte ist nicht m\u00f6glich.<\/p>\n<p align=\"center\">Der Nutzung von im Rahmen der Impressumspflicht ver\u00f6ffentlichten Kontaktdaten durch Dritte zur \u00dcbersendung von nicht ausdr\u00fccklich angeforderter Werbung und Informationsmaterialien wird hiermit ausdr\u00fccklich widersprochen. Die Betreiber der Seiten behalten sich ausdr\u00fccklich rechtliche Schritte im Falle der unverlangten Zusendung von Werbeinformationen, etwa durch Spam-Mails, vor.<\/p>\n<p style=\"text-align: center;\"><strong>Eingebettete Inhalte von anderen Websites<\/strong><\/p>\n<p style=\"text-align: center;\">Beitr\u00e4ge auf dieser Website k\u00f6nnen eingebettete Inhalte beinhalten (z.\u00a0B. Videos, Bilder, Beitr\u00e4ge etc.). Eingebettete Inhalte von anderen Websites verhalten sich exakt so, als ob der Besucher die andere Website besucht h\u00e4tte.<\/p>\n<p style=\"text-align: center;\">Diese Websites k\u00f6nnen Daten \u00fcber dich sammeln, Cookies benutzen, zus\u00e4tzliche Tracking-Dienste von Dritten einbetten und deine Interaktion mit diesem eingebetteten Inhalt aufzeichnen, inklusive deiner Interaktion mit dem eingebetteten Inhalt, falls du ein Konto hast und auf dieser Website angemeldet bist.<\/p>\n","protected":false},"excerpt":{"rendered":"<p>Angaben gem\u00e4\u00df \u00a7 5 TMG: Markus Brunner R\u00f6rerstr. 67 94469 Deggendorf Kontakt: Telefon: 0049 \/ (0) 173-6454189 E-Mail: mail@markus-brunner.com Webseite: www.markus-brunner.com Verantwortlich f\u00fcr den Inhalt nach \u00a7 55 Abs. 2 RStV: Markus Brunner R\u00f6rerstr. 67 94469 Deggendorf Haftungsausschluss: Haftung f\u00fcr &hellip;<\/p>\n<p class=\"read-more\"> <a class=\"more-link\" href=\"http:\/\/wordpress.brunski.de\/wordpress\/impressum\/\"> <span class=\"screen-reader-text\">Impressum + Datenschutz<\/span> Weiterlesen &raquo;<\/a><\/p>\n","protected":false},"author":1,"featured_media":0,"parent":0,"menu_order":6,"comment_status":"closed","ping_status":"closed","template":"","meta":{"footnotes":""},"class_list":["post-46","page","type-page","status-publish","hentry"],"jetpack_sharing_enabled":true,"_links":{"self":[{"href":"http:\/\/wordpress.brunski.de\/wordpress\/wp-json\/wp\/v2\/pages\/46","targetHints":{"allow":["GET"]}}],"collection":[{"href":"http:\/\/wordpress.brunski.de\/wordpress\/wp-json\/wp\/v2\/pages"}],"about":[{"href":"http:\/\/wordpress.brunski.de\/wordpress\/wp-json\/wp\/v2\/types\/page"}],"author":[{"embeddable":true,"href":"http:\/\/wordpress.brunski.de\/wordpress\/wp-json\/wp\/v2\/users\/1"}],"replies":[{"embeddable":true,"href":"http:\/\/wordpress.brunski.de\/wordpress\/wp-json\/wp\/v2\/comments?post=46"}],"version-history":[{"count":3,"href":"http:\/\/wordpress.brunski.de\/wordpress\/wp-json\/wp\/v2\/pages\/46\/revisions"}],"predecessor-version":[{"id":123,"href":"http:\/\/wordpress.brunski.de\/wordpress\/wp-json\/wp\/v2\/pages\/46\/revisions\/123"}],"wp:attachment":[{"href":"http:\/\/wordpress.brunski.de\/wordpress\/wp-json\/wp\/v2\/media?parent=46"}],"curies":[{"name":"wp","href":"https:\/\/api.w.org\/{rel}","templated":true}]}}